{"id":3074,"date":"2024-03-28T13:52:01","date_gmt":"2024-03-28T12:52:01","guid":{"rendered":"https:\/\/www.bdas-wwsb.brussels\/?page_id=3074"},"modified":"2026-03-31T21:37:23","modified_gmt":"2026-03-31T19:37:23","slug":"conditions-dutilisation-du-site","status":"publish","type":"page","link":"https:\/\/www.bdas-wwsb.brussels\/?page_id=3074","title":{"rendered":"Conditions d&rsquo;utilisation du site"},"content":{"rendered":"\t\t<div data-elementor-type=\"wp-page\" data-elementor-id=\"3074\" class=\"elementor elementor-3074\" data-elementor-post-type=\"page\">\n\t\t\t\t\t\t<section class=\"elementor-section elementor-top-section elementor-element elementor-element-24ce2c5 elementor-section-boxed elementor-section-height-default elementor-section-height-default\" data-id=\"24ce2c5\" data-element_type=\"section\" data-e-type=\"section\">\n\t\t\t\t\t\t<div class=\"elementor-container elementor-column-gap-default\">\n\t\t\t\t\t<div class=\"elementor-column elementor-col-50 elementor-top-column elementor-element elementor-element-317d158\" data-id=\"317d158\" data-element_type=\"column\" data-e-type=\"column\">\n\t\t\t<div class=\"elementor-widget-wrap elementor-element-populated\">\n\t\t\t\t\t\t<div class=\"elementor-element elementor-element-fc07bab elementor-widget elementor-widget-heading\" data-id=\"fc07bab\" data-element_type=\"widget\" data-e-type=\"widget\" data-widget_type=\"heading.default\">\n\t\t\t\t<div class=\"elementor-widget-container\">\n\t\t\t\t\t<h2 class=\"elementor-heading-title elementor-size-default\">Limitations de responsabilit\u00e9s<\/h2>\t\t\t\t<\/div>\n\t\t\t\t<\/div>\n\t\t\t\t<div class=\"elementor-element elementor-element-086145d elementor-widget elementor-widget-text-editor\" data-id=\"086145d\" data-element_type=\"widget\" data-e-type=\"widget\" data-widget_type=\"text-editor.default\">\n\t\t\t\t<div class=\"elementor-widget-container\">\n\t\t\t\t\t\t\t\t\t<p>Les informations mises en ligne sur ce site ont notamment \u00e9t\u00e9 valid\u00e9es par les juristes et praticiens du droit \u00e0 l&rsquo;aide sociale de nos partenaires&nbsp;: Infor Droits &#8211; Solidarit\u00e9 contre l&rsquo;exclusion, l&rsquo;Atelier des Droits Sociaux et Infor Droit &#8211; Free Clinic.<\/p>\n<p>Nos fiches indiquent la date de la derni\u00e8re relecture par nos juristes, il est important d&rsquo;en tenir compte. Nous en effectuerons des actualisations dont la r\u00e9gularit\u00e9 d\u00e9pendra des moyens dont nous pourrons disposer.<\/p>\n<p>Bien que nous nous efforcions d&rsquo;assurer l&rsquo;exactitude et la fiabilit\u00e9 des informations publi\u00e9es sur notre site, nous ne pouvons garantir leur int\u00e9gralit\u00e9 ou leur pr\u00e9cision. En cons\u00e9quence, nous d\u00e9clinons toute responsabilit\u00e9 pour les erreurs ou omissions \u00e9ventuelles. N&rsquo;h\u00e9sitez pas \u00e0 nous les signaler. En utilisant ce site, vous reconnaissez que vous \u00eates inform\u00e9 de ces limitations et que nous ne reconnaissons aucune responsabilit\u00e9 directe ou indirecte par rapport \u00e0 l\u2019exactitude des informations publi\u00e9es.<\/p>\n<p>Les renseignements fournis sur notre site web sont de nature g\u00e9n\u00e9rale et peuvent ne pas convenir aux particularit\u00e9s de chaque situation individuelle. Il est important de noter que ces informations ne doivent pas \u00eatre interpr\u00e9t\u00e9es comme des conseils juridiques personnalis\u00e9s. Pour l\u2019interpr\u00e9tation de ces informations et leur utilisation, nous vous invitons \u00e0 vous faire assister par un juriste comp\u00e9tent, par exemple aupr\u00e8s de nos partenaires ou des associations et avocats qui pratiquent l\u2019aide juridique.<\/p>\t\t\t\t\t\t\t\t<\/div>\n\t\t\t\t<\/div>\n\t\t\t\t<div class=\"elementor-element elementor-element-6b3b2b3 elementor-widget elementor-widget-heading\" data-id=\"6b3b2b3\" data-element_type=\"widget\" data-e-type=\"widget\" data-widget_type=\"heading.default\">\n\t\t\t\t<div class=\"elementor-widget-container\">\n\t\t\t\t\t<h2 class=\"elementor-heading-title elementor-size-default\">Droits d'auteur<\/h2>\t\t\t\t<\/div>\n\t\t\t\t<\/div>\n\t\t\t\t<div class=\"elementor-element elementor-element-44c6104 elementor-widget elementor-widget-text-editor\" data-id=\"44c6104\" data-element_type=\"widget\" data-e-type=\"widget\" data-widget_type=\"text-editor.default\">\n\t\t\t\t<div class=\"elementor-widget-container\">\n\t\t\t\t\t\t\t\t\t\n\nL&rsquo;ensemble du site, son contenu et sa structure, est publi\u00e9 sous Licence Cr\u00e9ative Commons <a href=\"https:\/\/creativecommons.org\/licenses\/by-nc-sa\/4.0\/deed.fr\" target=\"_blank\" rel=\"noopener\">CC-BY-NC-SA 4.0<\/a>\n\nLes obligations li\u00e9es \u00e0 cette licence sont de&nbsp;:\n<ul>\n \t<li>cr\u00e9diter les cr\u00e9ateurs de la paternit\u00e9 des \u0153uvres originales, d\u2019en indiquer les sources et d\u2019indiquer si des modifications ont \u00e9t\u00e9 effectu\u00e9es aux \u0153uvres (obligation d\u2019attribution)&nbsp;;<\/li>\n \t<li>ne pas tirer profit (gain direct ou plus-value commerciale) de l\u2019\u0153uvre ou des \u0153uvres d\u00e9riv\u00e9es&nbsp;;<\/li>\n \t<li>diffuser les nouvelles cr\u00e9ations selon des conditions identiques (selon la m\u00eame licence) \u00e0 celles de l\u2019\u0153uvre originale (donc autoriser \u00e0 nouveau les modifications et interdire les utilisations commerciales).<\/li>\n<\/ul>\n\t\t\t\t\t\t\t\t<\/div>\n\t\t\t\t<\/div>\n\t\t\t\t<div class=\"elementor-element elementor-element-1b54e86 elementor-widget elementor-widget-heading\" data-id=\"1b54e86\" data-element_type=\"widget\" data-e-type=\"widget\" data-widget_type=\"heading.default\">\n\t\t\t\t<div class=\"elementor-widget-container\">\n\t\t\t\t\t<h2 class=\"elementor-heading-title elementor-size-default\">Responsabilit\u00e9 et soutien<\/h2>\t\t\t\t<\/div>\n\t\t\t\t<\/div>\n\t\t\t\t<div class=\"elementor-element elementor-element-e6123b7 elementor-widget elementor-widget-text-editor\" data-id=\"e6123b7\" data-element_type=\"widget\" data-e-type=\"widget\" data-widget_type=\"text-editor.default\">\n\t\t\t\t<div class=\"elementor-widget-container\">\n\t\t\t\t\t\t\t\t\t<p>Ce site \u00e9t\u00e9 cr\u00e9\u00e9 par le Collectif solidarit\u00e9 contre l&rsquo;exclusion-Bruxelles asbl \/ Collectief Solidariteit tegen Uitsluiting-Brussel vzw &#8211; BE 0533.787.040 &#8211; Chauss\u00e9e de Haecht 51 &#8211; 1210 Saint-Josse-TenNoode et est plac\u00e9 sous sa responsabilit\u00e9, moyennant les limitations indiqu\u00e9es plus haut.<\/p><p>La Boutique de Droit \u00e0 l\u2019Aide Sociale \u2013 Bruxelles a b\u00e9n\u00e9fici\u00e9 d\u2019un soutien de la Commission communautaire commune de la R\u00e9gion de Bruxelles-Capitale.<\/p>\t\t\t\t\t\t\t\t<\/div>\n\t\t\t\t<\/div>\n\t\t\t\t\t<\/div>\n\t\t<\/div>\n\t\t\t\t<div class=\"elementor-column elementor-col-50 elementor-top-column elementor-element elementor-element-50b35e2\" data-id=\"50b35e2\" data-element_type=\"column\" data-e-type=\"column\">\n\t\t\t<div class=\"elementor-widget-wrap elementor-element-populated\">\n\t\t\t\t\t\t<section class=\"elementor-section elementor-inner-section elementor-element elementor-element-18e5f2a noprint elementor-section-boxed elementor-section-height-default elementor-section-height-default\" data-id=\"18e5f2a\" data-element_type=\"section\" data-e-type=\"section\" data-settings=\"{&quot;background_background&quot;:&quot;classic&quot;,&quot;sticky&quot;:&quot;top&quot;,&quot;sticky_on&quot;:[&quot;desktop&quot;,&quot;tablet&quot;],&quot;sticky_offset&quot;:0,&quot;sticky_effects_offset&quot;:0,&quot;sticky_anchor_link_offset&quot;:0}\">\n\t\t\t\t\t\t<div class=\"elementor-container elementor-column-gap-default\">\n\t\t\t\t\t<div class=\"elementor-column elementor-col-100 elementor-inner-column elementor-element elementor-element-a7e7e3d\" data-id=\"a7e7e3d\" data-element_type=\"column\" data-e-type=\"column\">\n\t\t\t<div class=\"elementor-widget-wrap elementor-element-populated\">\n\t\t\t\t\t\t<div class=\"elementor-element elementor-element-859a4e7 elementor-widget elementor-widget-spacer\" data-id=\"859a4e7\" data-element_type=\"widget\" data-e-type=\"widget\" data-widget_type=\"spacer.default\">\n\t\t\t\t<div class=\"elementor-widget-container\">\n\t\t\t\t\t\t\t<div class=\"elementor-spacer\">\n\t\t\t<div class=\"elementor-spacer-inner\"><\/div>\n\t\t<\/div>\n\t\t\t\t\t\t<\/div>\n\t\t\t\t<\/div>\n\t\t\t\t<div class=\"elementor-element elementor-element-cffd33d elementor-widget elementor-widget-image\" data-id=\"cffd33d\" data-element_type=\"widget\" data-e-type=\"widget\" data-widget_type=\"image.default\">\n\t\t\t\t<div class=\"elementor-widget-container\">\n\t\t\t\t\t\t\t\t\t\t\t\t\t\t\t\t<a href=\"?page_id=3074\">\n\t\t\t\t\t\t\t<img fetchpriority=\"high\" decoding=\"async\" width=\"512\" height=\"512\" src=\"https:\/\/www.bdas-wwsb.brussels\/wp-content\/uploads\/2024\/03\/bdas-aidesociale-fr-512.png\" class=\"elementor-animation-grow attachment-full size-full wp-image-2329\" alt=\"Aide sociale &amp; CPAS\" srcset=\"https:\/\/www.bdas-wwsb.brussels\/wp-content\/uploads\/2024\/03\/bdas-aidesociale-fr-512.png 512w, https:\/\/www.bdas-wwsb.brussels\/wp-content\/uploads\/2024\/03\/bdas-aidesociale-fr-512-300x300.png 300w, https:\/\/www.bdas-wwsb.brussels\/wp-content\/uploads\/2024\/03\/bdas-aidesociale-fr-512-150x150.png 150w\" sizes=\"(max-width: 512px) 100vw, 512px\" loading=\"eager\" \/>\t\t\t\t\t\t\t\t<\/a>\n\t\t\t\t\t\t\t\t\t\t\t\t\t\t\t<\/div>\n\t\t\t\t<\/div>\n\t\t\t\t<section class=\"elementor-section elementor-inner-section elementor-element elementor-element-f140c4a elementor-section-boxed elementor-section-height-default elementor-section-height-default\" data-id=\"f140c4a\" data-element_type=\"section\" data-e-type=\"section\">\n\t\t\t\t\t\t<div class=\"elementor-container elementor-column-gap-default\">\n\t\t\t\t\t<div class=\"elementor-column elementor-col-100 elementor-inner-column elementor-element elementor-element-8e3faca\" data-id=\"8e3faca\" data-element_type=\"column\" data-e-type=\"column\">\n\t\t\t<div class=\"elementor-widget-wrap elementor-element-populated\">\n\t\t\t\t\t\t<div class=\"elementor-element elementor-element-0500d0a elementor-share-buttons--skin-framed elementor-share-buttons--color-custom elementor-share-buttons--view-icon-text elementor-share-buttons--shape-square elementor-grid-0 elementor-widget elementor-widget-share-buttons\" data-id=\"0500d0a\" data-element_type=\"widget\" data-e-type=\"widget\" data-widget_type=\"share-buttons.default\">\n\t\t\t\t<div class=\"elementor-widget-container\">\n\t\t\t\t\t\t\t<div class=\"elementor-grid\">\n\t\t\t\t\t\t\t\t<div class=\"elementor-grid-item\">\n\t\t\t\t\t\t<div class=\"elementor-share-btn elementor-share-btn_print\" role=\"button\" tabindex=\"0\" aria-label=\"Partager sur print\">\n\t\t\t\t\t\t\t\t\t\t\t\t\t\t\t<span class=\"elementor-share-btn__icon\">\n\t\t\t\t\t\t\t\t<i class=\"fas fa-print\" aria-hidden=\"true\"><\/i>\t\t\t\t\t\t\t<\/span>\n\t\t\t\t\t\t\t\t\t\t\t\t\t\t\t\t\t\t\t\t\t\t<div class=\"elementor-share-btn__text\">\n\t\t\t\t\t\t\t\t\t\t\t\t\t\t\t\t\t\t\t<span class=\"elementor-share-btn__title\">\n\t\t\t\t\t\t\t\t\t\tImprimer\t\t\t\t\t\t\t\t\t<\/span>\n\t\t\t\t\t\t\t\t\t\t\t\t\t\t\t\t\t<\/div>\n\t\t\t\t\t\t\t\t\t\t\t\t\t<\/div>\n\t\t\t\t\t<\/div>\n\t\t\t\t\t\t<\/div>\n\t\t\t\t\t\t<\/div>\n\t\t\t\t<\/div>\n\t\t\t\t<div class=\"elementor-element elementor-element-79169fe elementor-align-start elementor-list-item-link-inline elementor-hidden-desktop elementor-hidden-tablet elementor-hidden-mobile elementor-icon-list--layout-traditional elementor-widget elementor-widget-icon-list\" data-id=\"79169fe\" data-element_type=\"widget\" data-e-type=\"widget\" data-widget_type=\"icon-list.default\">\n\t\t\t\t<div class=\"elementor-widget-container\">\n\t\t\t\t\t\t\t<ul class=\"elementor-icon-list-items\">\n\t\t\t\t\t\t\t<li class=\"elementor-icon-list-item\">\n\t\t\t\t\t\t\t\t\t\t\t<a href=\"#\">\n\n\t\t\t\t\t\t\t\t\t\t\t\t<span class=\"elementor-icon-list-icon\">\n\t\t\t\t\t\t\t<i aria-hidden=\"true\" class=\"fas fa-file-pdf\"><\/i>\t\t\t\t\t\t<\/span>\n\t\t\t\t\t\t\t\t\t\t<span class=\"elementor-icon-list-text\">T\u00e9l\u00e9charger<\/span>\n\t\t\t\t\t\t\t\t\t\t\t<\/a>\n\t\t\t\t\t\t\t\t\t<\/li>\n\t\t\t\t\t\t<\/ul>\n\t\t\t\t\t\t<\/div>\n\t\t\t\t<\/div>\n\t\t\t\t<div class=\"elementor-element elementor-element-0c9b653 elementor-list-item-link-inline goback elementor-align-start elementor-icon-list--layout-traditional elementor-widget elementor-widget-icon-list\" data-id=\"0c9b653\" data-element_type=\"widget\" data-e-type=\"widget\" data-widget_type=\"icon-list.default\">\n\t\t\t\t<div class=\"elementor-widget-container\">\n\t\t\t\t\t\t\t<ul class=\"elementor-icon-list-items\">\n\t\t\t\t\t\t\t<li class=\"elementor-icon-list-item\">\n\t\t\t\t\t\t\t\t\t\t\t<a href=\"?page_id=2121\">\n\n\t\t\t\t\t\t\t\t\t\t\t\t<span class=\"elementor-icon-list-icon\">\n\t\t\t\t\t\t\t<i aria-hidden=\"true\" class=\"fas fa-arrow-left\"><\/i>\t\t\t\t\t\t<\/span>\n\t\t\t\t\t\t\t\t\t\t<span class=\"elementor-icon-list-text\">Retour<\/span>\n\t\t\t\t\t\t\t\t\t\t\t<\/a>\n\t\t\t\t\t\t\t\t\t<\/li>\n\t\t\t\t\t\t<\/ul>\n\t\t\t\t\t\t<\/div>\n\t\t\t\t<\/div>\n\t\t\t\t\t<\/div>\n\t\t<\/div>\n\t\t\t\t\t<\/div>\n\t\t<\/section>\n\t\t\t\t\t<\/div>\n\t\t<\/div>\n\t\t\t\t\t<\/div>\n\t\t<\/section>\n\t\t\t\t\t<\/div>\n\t\t<\/div>\n\t\t\t\t\t<\/div>\n\t\t<\/section>\n\t\t\t\t<\/div>","protected":false},"excerpt":{"rendered":"<p>Limitations de responsabilit\u00e9s Les informations mises en ligne sur ce site ont notamment \u00e9t\u00e9 valid\u00e9es par les juristes et praticiens du droit \u00e0 l&rsquo;aide sociale de nos partenaires&nbsp;: Infor Droits &#8211; Solidarit\u00e9 contre l&rsquo;exclusion, l&rsquo;Atelier des Droits Sociaux et Infor Droit &#8211; Free Clinic. Nos fiches indiquent la date de la derni\u00e8re relecture par nos [&hellip;]<\/p>","protected":false},"author":1,"featured_media":0,"parent":0,"menu_order":0,"comment_status":"closed","ping_status":"closed","template":"elementor_header_footer","meta":{"footnotes":""},"class_list":["post-3074","page","type-page","status-publish","hentry"],"_links":{"self":[{"href":"https:\/\/www.bdas-wwsb.brussels\/index.php?rest_route=\/wp\/v2\/pages\/3074","targetHints":{"allow":["GET"]}}],"collection":[{"href":"https:\/\/www.bdas-wwsb.brussels\/index.php?rest_route=\/wp\/v2\/pages"}],"about":[{"href":"https:\/\/www.bdas-wwsb.brussels\/index.php?rest_route=\/wp\/v2\/types\/page"}],"author":[{"embeddable":true,"href":"https:\/\/www.bdas-wwsb.brussels\/index.php?rest_route=\/wp\/v2\/users\/1"}],"replies":[{"embeddable":true,"href":"https:\/\/www.bdas-wwsb.brussels\/index.php?rest_route=%2Fwp%2Fv2%2Fcomments&post=3074"}],"version-history":[{"count":0,"href":"https:\/\/www.bdas-wwsb.brussels\/index.php?rest_route=\/wp\/v2\/pages\/3074\/revisions"}],"wp:attachment":[{"href":"https:\/\/www.bdas-wwsb.brussels\/index.php?rest_route=%2Fwp%2Fv2%2Fmedia&parent=3074"}],"curies":[{"name":"wp","href":"https:\/\/api.w.org\/{rel}","templated":true}]}}