{"id":1974,"date":"2024-03-22T17:53:10","date_gmt":"2024-03-22T16:53:10","guid":{"rendered":"https:\/\/www.bdas-wwsb.brussels\/?page_id=1974"},"modified":"2026-03-28T13:28:48","modified_gmt":"2026-03-28T12:28:48","slug":"recours","status":"publish","type":"page","link":"https:\/\/www.bdas-wwsb.brussels\/?page_id=1974","title":{"rendered":"Recours"},"content":{"rendered":"\t\t<div data-elementor-type=\"wp-page\" data-elementor-id=\"1974\" class=\"elementor elementor-1974\" data-elementor-post-type=\"page\">\n\t\t\t\t\t\t<section class=\"elementor-section elementor-top-section elementor-element elementor-element-5a9a8be elementor-section-boxed elementor-section-height-default elementor-section-height-default\" data-id=\"5a9a8be\" data-element_type=\"section\" data-e-type=\"section\">\n\t\t\t\t\t\t<div class=\"elementor-container elementor-column-gap-default\">\n\t\t\t\t\t<div class=\"elementor-column elementor-col-50 elementor-top-column elementor-element elementor-element-dd85ad8\" data-id=\"dd85ad8\" data-element_type=\"column\" data-e-type=\"column\">\n\t\t\t<div class=\"elementor-widget-wrap elementor-element-populated\">\n\t\t\t\t\t\t<div class=\"elementor-element elementor-element-4396bf8 elementor-widget elementor-widget-heading\" data-id=\"4396bf8\" data-element_type=\"widget\" data-e-type=\"widget\" data-widget_type=\"heading.default\">\n\t\t\t\t<div class=\"elementor-widget-container\">\n\t\t\t\t\t<h1 class=\"elementor-heading-title elementor-size-default\">Comment introduire un recours contre une d\u00e9cision du CPAS&nbsp;?<\/h1>\t\t\t\t<\/div>\n\t\t\t\t<\/div>\n\t\t\t\t<div class=\"elementor-element elementor-element-931b762 elementor-grid-1 elementor-posts--thumbnail-none elementor-posts--align-left elementor-grid-tablet-1 elementor-grid-mobile-1 elementor-widget elementor-widget-posts\" data-id=\"931b762\" data-element_type=\"widget\" data-e-type=\"widget\" data-settings=\"{&quot;classic_columns&quot;:&quot;1&quot;,&quot;classic_row_gap&quot;:{&quot;unit&quot;:&quot;px&quot;,&quot;size&quot;:10,&quot;sizes&quot;:[]},&quot;classic_columns_tablet&quot;:&quot;1&quot;,&quot;pagination_type&quot;:&quot;numbers_and_prev_next&quot;,&quot;classic_columns_mobile&quot;:&quot;1&quot;,&quot;classic_row_gap_tablet&quot;:{&quot;unit&quot;:&quot;px&quot;,&quot;size&quot;:&quot;&quot;,&quot;sizes&quot;:[]},&quot;classic_row_gap_mobile&quot;:{&quot;unit&quot;:&quot;px&quot;,&quot;size&quot;:&quot;&quot;,&quot;sizes&quot;:[]}}\" data-widget_type=\"posts.classic\">\n\t\t\t\t<div class=\"elementor-widget-container\">\n\t\t\t\t\t\t\t<div class=\"elementor-posts-container elementor-posts elementor-posts--skin-classic elementor-grid\" role=\"list\">\n\t\t\t\t<article class=\"elementor-post elementor-grid-item post-4616 post type-post status-publish format-standard hentry category-recours tag-recours\" role=\"listitem\">\n\t\t\t\t<div class=\"elementor-post__text\">\n\t\t\t\t<h3 class=\"elementor-post__title\">\n\t\t\t<a href=\"https:\/\/www.bdas-wwsb.brussels\/?p=4616\" >\n\t\t\t\t1. Le CPAS a rendu une d\u00e9cision n\u00e9gative suite \u00e0 ma demande. Puis-je contester la d\u00e9cision du CPAS et dans quels d\u00e9lais&nbsp;?\t\t\t<\/a>\n\t\t<\/h3>\n\t\t\t\t<\/div>\n\t\t\t\t<\/article>\n\t\t\t\t<article class=\"elementor-post elementor-grid-item post-4624 post type-post status-publish format-standard hentry category-recours tag-recours\" role=\"listitem\">\n\t\t\t\t<div class=\"elementor-post__text\">\n\t\t\t\t<h3 class=\"elementor-post__title\">\n\t\t\t<a href=\"https:\/\/www.bdas-wwsb.brussels\/?p=4624\" >\n\t\t\t\t1.1. Dans quelles situations contester la d\u00e9cision du CPAS&nbsp;?\t\t\t<\/a>\n\t\t<\/h3>\n\t\t\t\t<\/div>\n\t\t\t\t<\/article>\n\t\t\t\t<article class=\"elementor-post elementor-grid-item post-4636 post type-post status-publish format-standard hentry category-recours tag-recours\" role=\"listitem\">\n\t\t\t\t<div class=\"elementor-post__text\">\n\t\t\t\t<h3 class=\"elementor-post__title\">\n\t\t\t<a href=\"https:\/\/www.bdas-wwsb.brussels\/?p=4636\" >\n\t\t\t\t1.2. Comment contester une d\u00e9cision du CPAS&nbsp;?\t\t\t<\/a>\n\t\t<\/h3>\n\t\t\t\t<\/div>\n\t\t\t\t<\/article>\n\t\t\t\t<article class=\"elementor-post elementor-grid-item post-4654 post type-post status-publish format-standard hentry category-recours tag-recours\" role=\"listitem\">\n\t\t\t\t<div class=\"elementor-post__text\">\n\t\t\t\t<h3 class=\"elementor-post__title\">\n\t\t\t<a href=\"https:\/\/www.bdas-wwsb.brussels\/?p=4654\" >\n\t\t\t\t2. A qui s\u2019adresser pour contester une d\u00e9cision du CPAS\/demander au CPAS de revoir sa d\u00e9cision&nbsp;?\t\t\t<\/a>\n\t\t<\/h3>\n\t\t\t\t<\/div>\n\t\t\t\t<\/article>\n\t\t\t\t<article class=\"elementor-post elementor-grid-item post-4663 post type-post status-publish format-standard hentry category-recours tag-recours\" role=\"listitem\">\n\t\t\t\t<div class=\"elementor-post__text\">\n\t\t\t\t<h3 class=\"elementor-post__title\">\n\t\t\t<a href=\"https:\/\/www.bdas-wwsb.brussels\/?p=4663\" >\n\t\t\t\t3. Est-il pr\u00e9f\u00e9rable de demander au CPAS de revoir sa d\u00e9cision ou d\u2019introduire un recours devant le tribunal&nbsp;?\t\t\t<\/a>\n\t\t<\/h3>\n\t\t\t\t<\/div>\n\t\t\t\t<\/article>\n\t\t\t\t<article class=\"elementor-post elementor-grid-item post-4672 post type-post status-publish format-standard hentry category-recours tag-recours\" role=\"listitem\">\n\t\t\t\t<div class=\"elementor-post__text\">\n\t\t\t\t<h3 class=\"elementor-post__title\">\n\t\t\t<a href=\"https:\/\/www.bdas-wwsb.brussels\/?p=4672\" >\n\t\t\t\t4. Que faire si le CPAS n\u2019a pas pris de d\u00e9cision dans les d\u00e9lais&nbsp;?\t\t\t<\/a>\n\t\t<\/h3>\n\t\t\t\t<\/div>\n\t\t\t\t<\/article>\n\t\t\t\t<article class=\"elementor-post elementor-grid-item post-4681 post type-post status-publish format-standard hentry category-recours tag-recours\" role=\"listitem\">\n\t\t\t\t<div class=\"elementor-post__text\">\n\t\t\t\t<h3 class=\"elementor-post__title\">\n\t\t\t<a href=\"https:\/\/www.bdas-wwsb.brussels\/?p=4681\" >\n\t\t\t\t5. Comment se d\u00e9roule une audition devant le CPAS&nbsp;?\t\t\t<\/a>\n\t\t<\/h3>\n\t\t\t\t<\/div>\n\t\t\t\t<\/article>\n\t\t\t\t<article class=\"elementor-post elementor-grid-item post-4690 post type-post status-publish format-standard hentry category-recours tag-recours\" role=\"listitem\">\n\t\t\t\t<div class=\"elementor-post__text\">\n\t\t\t\t<h3 class=\"elementor-post__title\">\n\t\t\t<a href=\"https:\/\/www.bdas-wwsb.brussels\/?p=4690\" >\n\t\t\t\t5.1. Pourquoi demander \u00e0 \u00eatre entendu(e)&nbsp;?\t\t\t<\/a>\n\t\t<\/h3>\n\t\t\t\t<\/div>\n\t\t\t\t<\/article>\n\t\t\t\t<article class=\"elementor-post elementor-grid-item post-4699 post type-post status-publish format-standard hentry category-recours tag-recours\" role=\"listitem\">\n\t\t\t\t<div class=\"elementor-post__text\">\n\t\t\t\t<h3 class=\"elementor-post__title\">\n\t\t\t<a href=\"https:\/\/www.bdas-wwsb.brussels\/?p=4699\" >\n\t\t\t\t5. 2. Puis-je me faire accompagner lors d\u2019une audition&nbsp;?\t\t\t<\/a>\n\t\t<\/h3>\n\t\t\t\t<\/div>\n\t\t\t\t<\/article>\n\t\t\t\t<article class=\"elementor-post elementor-grid-item post-4719 post type-post status-publish format-standard hentry category-recours tag-recours\" role=\"listitem\">\n\t\t\t\t<div class=\"elementor-post__text\">\n\t\t\t\t<h3 class=\"elementor-post__title\">\n\t\t\t<a href=\"https:\/\/www.bdas-wwsb.brussels\/?p=4719\" >\n\t\t\t\t5. 3. Ma pr\u00e9sence est-elle obligatoire, n\u00e9cessaire ou bien, puis-je me faire repr\u00e9senter&nbsp;?\t\t\t<\/a>\n\t\t<\/h3>\n\t\t\t\t<\/div>\n\t\t\t\t<\/article>\n\t\t\t\t<article class=\"elementor-post elementor-grid-item post-4733 post type-post status-publish format-standard hentry category-recours tag-recours\" role=\"listitem\">\n\t\t\t\t<div class=\"elementor-post__text\">\n\t\t\t\t<h3 class=\"elementor-post__title\">\n\t\t\t<a href=\"https:\/\/www.bdas-wwsb.brussels\/?p=4733\" >\n\t\t\t\t5. 4. Comment bien me pr\u00e9parer \u00e0 une audition&nbsp;?\t\t\t<\/a>\n\t\t<\/h3>\n\t\t\t\t<\/div>\n\t\t\t\t<\/article>\n\t\t\t\t<article class=\"elementor-post elementor-grid-item post-4744 post type-post status-publish format-standard hentry category-recours tag-recours\" role=\"listitem\">\n\t\t\t\t<div class=\"elementor-post__text\">\n\t\t\t\t<h3 class=\"elementor-post__title\">\n\t\t\t<a href=\"https:\/\/www.bdas-wwsb.brussels\/?p=4744\" >\n\t\t\t\t6. Comment introduire un recours devant le tribunal du travail et dans quels d\u00e9lais&nbsp;?\t\t\t<\/a>\n\t\t<\/h3>\n\t\t\t\t<\/div>\n\t\t\t\t<\/article>\n\t\t\t\t<article class=\"elementor-post elementor-grid-item post-4750 post type-post status-publish format-standard hentry category-recours tag-recours\" role=\"listitem\">\n\t\t\t\t<div class=\"elementor-post__text\">\n\t\t\t\t<h3 class=\"elementor-post__title\">\n\t\t\t<a href=\"https:\/\/www.bdas-wwsb.brussels\/?p=4750\" >\n\t\t\t\t6.1. Comment introduire un recours contre une d\u00e9cision du CPAS&nbsp;?\t\t\t<\/a>\n\t\t<\/h3>\n\t\t\t\t<\/div>\n\t\t\t\t<\/article>\n\t\t\t\t<article class=\"elementor-post elementor-grid-item post-4759 post type-post status-publish format-standard hentry category-recours tag-recours\" role=\"listitem\">\n\t\t\t\t<div class=\"elementor-post__text\">\n\t\t\t\t<h3 class=\"elementor-post__title\">\n\t\t\t<a href=\"https:\/\/www.bdas-wwsb.brussels\/?p=4759\" >\n\t\t\t\t6.2. Comment r\u00e9diger une requ\u00eate&nbsp;?\t\t\t<\/a>\n\t\t<\/h3>\n\t\t\t\t<\/div>\n\t\t\t\t<\/article>\n\t\t\t\t<article class=\"elementor-post elementor-grid-item post-4768 post type-post status-publish format-standard hentry category-recours tag-recours\" role=\"listitem\">\n\t\t\t\t<div class=\"elementor-post__text\">\n\t\t\t\t<h3 class=\"elementor-post__title\">\n\t\t\t<a href=\"https:\/\/www.bdas-wwsb.brussels\/?p=4768\" >\n\t\t\t\t6.3. Quels sont les d\u00e9lais \u00e0 respecter&nbsp;?\t\t\t<\/a>\n\t\t<\/h3>\n\t\t\t\t<\/div>\n\t\t\t\t<\/article>\n\t\t\t\t<article class=\"elementor-post elementor-grid-item post-4777 post type-post status-publish format-standard hentry category-recours tag-recours\" role=\"listitem\">\n\t\t\t\t<div class=\"elementor-post__text\">\n\t\t\t\t<h3 class=\"elementor-post__title\">\n\t\t\t<a href=\"https:\/\/www.bdas-wwsb.brussels\/?p=4777\" >\n\t\t\t\t6.4. Que faire si les d\u00e9lais sont d\u00e9pass\u00e9s&nbsp;?\t\t\t<\/a>\n\t\t<\/h3>\n\t\t\t\t<\/div>\n\t\t\t\t<\/article>\n\t\t\t\t<article class=\"elementor-post elementor-grid-item post-4786 post type-post status-publish format-standard hentry category-recours tag-recours\" role=\"listitem\">\n\t\t\t\t<div class=\"elementor-post__text\">\n\t\t\t\t<h3 class=\"elementor-post__title\">\n\t\t\t<a href=\"https:\/\/www.bdas-wwsb.brussels\/?p=4786\" >\n\t\t\t\t6.5. Combien de temps dure une proc\u00e9dure devant le tribunal&nbsp;?\t\t\t<\/a>\n\t\t<\/h3>\n\t\t\t\t<\/div>\n\t\t\t\t<\/article>\n\t\t\t\t<article class=\"elementor-post elementor-grid-item post-4795 post type-post status-publish format-standard hentry category-recours tag-recours\" role=\"listitem\">\n\t\t\t\t<div class=\"elementor-post__text\">\n\t\t\t\t<h3 class=\"elementor-post__title\">\n\t\t\t<a href=\"https:\/\/www.bdas-wwsb.brussels\/?p=4795\" >\n\t\t\t\t6.6. Que co\u00fbte une proc\u00e9dure en justice&nbsp;?\t\t\t<\/a>\n\t\t<\/h3>\n\t\t\t\t<\/div>\n\t\t\t\t<\/article>\n\t\t\t\t<article class=\"elementor-post elementor-grid-item post-4807 post type-post status-publish format-standard hentry category-recours tag-recours\" role=\"listitem\">\n\t\t\t\t<div class=\"elementor-post__text\">\n\t\t\t\t<h3 class=\"elementor-post__title\">\n\t\t\t<a href=\"https:\/\/www.bdas-wwsb.brussels\/?p=4807\" >\n\t\t\t\t6.7. Quels arguments utiliser pour contester une d\u00e9cision&nbsp;?\t\t\t<\/a>\n\t\t<\/h3>\n\t\t\t\t<\/div>\n\t\t\t\t<\/article>\n\t\t\t\t<article class=\"elementor-post elementor-grid-item post-4816 post type-post status-publish format-standard hentry category-recours tag-recours\" role=\"listitem\">\n\t\t\t\t<div class=\"elementor-post__text\">\n\t\t\t\t<h3 class=\"elementor-post__title\">\n\t\t\t<a href=\"https:\/\/www.bdas-wwsb.brussels\/?p=4816\" >\n\t\t\t\t6.8. Comment introduire un recours en urgence&nbsp;?\t\t\t<\/a>\n\t\t<\/h3>\n\t\t\t\t<\/div>\n\t\t\t\t<\/article>\n\t\t\t\t<article class=\"elementor-post elementor-grid-item post-4825 post type-post status-publish format-standard hentry category-recours tag-recours\" role=\"listitem\">\n\t\t\t\t<div class=\"elementor-post__text\">\n\t\t\t\t<h3 class=\"elementor-post__title\">\n\t\t\t<a href=\"https:\/\/www.bdas-wwsb.brussels\/?p=4825\" >\n\t\t\t\t6.9. Comment se d\u00e9roule la proc\u00e9dure au tribunal&nbsp;?\t\t\t<\/a>\n\t\t<\/h3>\n\t\t\t\t<\/div>\n\t\t\t\t<\/article>\n\t\t\t\t<article class=\"elementor-post elementor-grid-item post-4834 post type-post status-publish format-standard hentry category-recours tag-recours\" role=\"listitem\">\n\t\t\t\t<div class=\"elementor-post__text\">\n\t\t\t\t<h3 class=\"elementor-post__title\">\n\t\t\t<a href=\"https:\/\/www.bdas-wwsb.brussels\/?p=4834\" >\n\t\t\t\t7. Que se passe-t-il lorsque le tribunal a rendu sa d\u00e9cision&nbsp;?\t\t\t<\/a>\n\t\t<\/h3>\n\t\t\t\t<\/div>\n\t\t\t\t<\/article>\n\t\t\t\t<article class=\"elementor-post elementor-grid-item post-4840 post type-post status-publish format-standard hentry category-recours tag-recours\" role=\"listitem\">\n\t\t\t\t<div class=\"elementor-post__text\">\n\t\t\t\t<h3 class=\"elementor-post__title\">\n\t\t\t<a href=\"https:\/\/www.bdas-wwsb.brussels\/?p=4840\" >\n\t\t\t\t7.1. Notification de la d\u00e9cision\t\t\t<\/a>\n\t\t<\/h3>\n\t\t\t\t<\/div>\n\t\t\t\t<\/article>\n\t\t\t\t<article class=\"elementor-post elementor-grid-item post-4849 post type-post status-publish format-standard hentry category-recours tag-recours\" role=\"listitem\">\n\t\t\t\t<div class=\"elementor-post__text\">\n\t\t\t\t<h3 class=\"elementor-post__title\">\n\t\t\t<a href=\"https:\/\/www.bdas-wwsb.brussels\/?p=4849\" >\n\t\t\t\t7.2. Si le tribunal a condamn\u00e9 le CPAS, que va-t-il se passer ensuite&nbsp;?\t\t\t<\/a>\n\t\t<\/h3>\n\t\t\t\t<\/div>\n\t\t\t\t<\/article>\n\t\t\t\t<article class=\"elementor-post elementor-grid-item post-4860 post type-post status-publish format-standard hentry category-recours tag-recours\" role=\"listitem\">\n\t\t\t\t<div class=\"elementor-post__text\">\n\t\t\t\t<h3 class=\"elementor-post__title\">\n\t\t\t<a href=\"https:\/\/www.bdas-wwsb.brussels\/?p=4860\" >\n\t\t\t\t7.3. A quoi faut-il \u00eatre attentif(ve) en cas de recours&nbsp;?\t\t\t<\/a>\n\t\t<\/h3>\n\t\t\t\t<\/div>\n\t\t\t\t<\/article>\n\t\t\t\t<article class=\"elementor-post elementor-grid-item post-4869 post type-post status-publish format-standard hentry category-recours tag-recours\" role=\"listitem\">\n\t\t\t\t<div class=\"elementor-post__text\">\n\t\t\t\t<h3 class=\"elementor-post__title\">\n\t\t\t<a href=\"https:\/\/www.bdas-wwsb.brussels\/?p=4869\" >\n\t\t\t\t7.4.  Puis-je contester le jugement du tribunal du travail&nbsp;?\t\t\t<\/a>\n\t\t<\/h3>\n\t\t\t\t<\/div>\n\t\t\t\t<\/article>\n\t\t\t\t<article class=\"elementor-post elementor-grid-item post-4878 post type-post status-publish format-standard hentry category-recours tag-recours\" role=\"listitem\">\n\t\t\t\t<div class=\"elementor-post__text\">\n\t\t\t\t<h3 class=\"elementor-post__title\">\n\t\t\t<a href=\"https:\/\/www.bdas-wwsb.brussels\/?p=4878\" >\n\t\t\t\t7.5. Le CPAS peut-il contester la d\u00e9cision du tribunal et quelles en seront les cons\u00e9quences&nbsp;?\t\t\t<\/a>\n\t\t<\/h3>\n\t\t\t\t<\/div>\n\t\t\t\t<\/article>\n\t\t\t\t<\/div>\n\t\t\n\t\t\t\t\t\t<\/div>\n\t\t\t\t<\/div>\n\t\t\t\t\t<\/div>\n\t\t<\/div>\n\t\t\t\t<div class=\"elementor-column elementor-col-50 elementor-top-column elementor-element elementor-element-d84389b\" data-id=\"d84389b\" data-element_type=\"column\" data-e-type=\"column\">\n\t\t\t<div class=\"elementor-widget-wrap elementor-element-populated\">\n\t\t\t\t\t\t<section class=\"elementor-section elementor-inner-section elementor-element elementor-element-3963612 noprint elementor-section-boxed elementor-section-height-default elementor-section-height-default\" data-id=\"3963612\" data-element_type=\"section\" data-e-type=\"section\" data-settings=\"{&quot;background_background&quot;:&quot;classic&quot;,&quot;sticky&quot;:&quot;top&quot;,&quot;sticky_on&quot;:[&quot;desktop&quot;,&quot;tablet&quot;],&quot;sticky_offset&quot;:0,&quot;sticky_effects_offset&quot;:0,&quot;sticky_anchor_link_offset&quot;:0}\">\n\t\t\t\t\t\t<div class=\"elementor-container elementor-column-gap-default\">\n\t\t\t\t\t<div class=\"elementor-column elementor-col-100 elementor-inner-column elementor-element elementor-element-6262802\" data-id=\"6262802\" data-element_type=\"column\" data-e-type=\"column\">\n\t\t\t<div class=\"elementor-widget-wrap elementor-element-populated\">\n\t\t\t\t\t\t<div class=\"elementor-element elementor-element-7b9d6ce elementor-widget elementor-widget-spacer\" data-id=\"7b9d6ce\" data-element_type=\"widget\" data-e-type=\"widget\" data-widget_type=\"spacer.default\">\n\t\t\t\t<div class=\"elementor-widget-container\">\n\t\t\t\t\t\t\t<div class=\"elementor-spacer\">\n\t\t\t<div class=\"elementor-spacer-inner\"><\/div>\n\t\t<\/div>\n\t\t\t\t\t\t<\/div>\n\t\t\t\t<\/div>\n\t\t\t\t<div class=\"elementor-element elementor-element-766f8bd elementor-widget elementor-widget-image\" data-id=\"766f8bd\" data-element_type=\"widget\" data-e-type=\"widget\" data-widget_type=\"image.default\">\n\t\t\t\t<div class=\"elementor-widget-container\">\n\t\t\t\t\t\t\t\t\t\t\t\t\t\t\t\t<a href=\"?page_id=1974\">\n\t\t\t\t\t\t\t<img fetchpriority=\"high\" decoding=\"async\" width=\"512\" height=\"512\" src=\"https:\/\/www.bdas-wwsb.brussels\/wp-content\/uploads\/2024\/03\/bdas-recours-fr-512.png\" class=\"elementor-animation-grow attachment-full size-full wp-image-2334\" alt=\"Recours\" srcset=\"https:\/\/www.bdas-wwsb.brussels\/wp-content\/uploads\/2024\/03\/bdas-recours-fr-512.png 512w, https:\/\/www.bdas-wwsb.brussels\/wp-content\/uploads\/2024\/03\/bdas-recours-fr-512-300x300.png 300w, https:\/\/www.bdas-wwsb.brussels\/wp-content\/uploads\/2024\/03\/bdas-recours-fr-512-150x150.png 150w\" sizes=\"(max-width: 512px) 100vw, 512px\" loading=\"eager\" \/>\t\t\t\t\t\t\t\t<\/a>\n\t\t\t\t\t\t\t\t\t\t\t\t\t\t\t<\/div>\n\t\t\t\t<\/div>\n\t\t\t\t<div class=\"elementor-element elementor-element-10b24c7 elementor-widget elementor-widget-heading\" data-id=\"10b24c7\" data-element_type=\"widget\" data-e-type=\"widget\" data-widget_type=\"heading.default\">\n\t\t\t\t<div class=\"elementor-widget-container\">\n\t\t\t\t\t<div class=\"elementor-heading-title elementor-size-default\">27+<\/div>\t\t\t\t<\/div>\n\t\t\t\t<\/div>\n\t\t\t\t<div class=\"elementor-element elementor-element-7c2e565 elementor-widget elementor-widget-heading\" data-id=\"7c2e565\" data-element_type=\"widget\" data-e-type=\"widget\" data-widget_type=\"heading.default\">\n\t\t\t\t<div class=\"elementor-widget-container\">\n\t\t\t\t\t<div class=\"elementor-heading-title elementor-size-default\">Articles<\/div>\t\t\t\t<\/div>\n\t\t\t\t<\/div>\n\t\t\t\t\t<\/div>\n\t\t<\/div>\n\t\t\t\t\t<\/div>\n\t\t<\/section>\n\t\t\t\t\t<\/div>\n\t\t<\/div>\n\t\t\t\t\t<\/div>\n\t\t<\/section>\n\t\t\t\t<\/div>","protected":false},"excerpt":{"rendered":"<p>Comment introduire un recours contre une d\u00e9cision du CPAS&nbsp;? + Articles<\/p>","protected":false},"author":1,"featured_media":0,"parent":0,"menu_order":0,"comment_status":"closed","ping_status":"closed","template":"elementor_header_footer","meta":{"footnotes":""},"class_list":["post-1974","page","type-page","status-publish","hentry"],"_links":{"self":[{"href":"https:\/\/www.bdas-wwsb.brussels\/index.php?rest_route=\/wp\/v2\/pages\/1974","targetHints":{"allow":["GET"]}}],"collection":[{"href":"https:\/\/www.bdas-wwsb.brussels\/index.php?rest_route=\/wp\/v2\/pages"}],"about":[{"href":"https:\/\/www.bdas-wwsb.brussels\/index.php?rest_route=\/wp\/v2\/types\/page"}],"author":[{"embeddable":true,"href":"https:\/\/www.bdas-wwsb.brussels\/index.php?rest_route=\/wp\/v2\/users\/1"}],"replies":[{"embeddable":true,"href":"https:\/\/www.bdas-wwsb.brussels\/index.php?rest_route=%2Fwp%2Fv2%2Fcomments&post=1974"}],"version-history":[{"count":0,"href":"https:\/\/www.bdas-wwsb.brussels\/index.php?rest_route=\/wp\/v2\/pages\/1974\/revisions"}],"wp:attachment":[{"href":"https:\/\/www.bdas-wwsb.brussels\/index.php?rest_route=%2Fwp%2Fv2%2Fmedia&parent=1974"}],"curies":[{"name":"wp","href":"https:\/\/api.w.org\/{rel}","templated":true}]}}