{"id":1969,"date":"2024-03-22T17:50:09","date_gmt":"2024-03-22T16:50:09","guid":{"rendered":"https:\/\/www.bdas-wwsb.brussels\/?page_id=1969"},"modified":"2026-03-28T13:29:09","modified_gmt":"2026-03-28T12:29:09","slug":"introduire-une-demande","status":"publish","type":"page","link":"https:\/\/www.bdas-wwsb.brussels\/?page_id=1969","title":{"rendered":"Introduire une Demande"},"content":{"rendered":"\t\t<div data-elementor-type=\"wp-page\" data-elementor-id=\"1969\" class=\"elementor elementor-1969\" data-elementor-post-type=\"page\">\n\t\t\t\t\t\t<section class=\"elementor-section elementor-top-section elementor-element elementor-element-63e2f7e elementor-section-boxed elementor-section-height-default elementor-section-height-default\" data-id=\"63e2f7e\" data-element_type=\"section\" data-e-type=\"section\">\n\t\t\t\t\t\t<div class=\"elementor-container elementor-column-gap-default\">\n\t\t\t\t\t<div class=\"elementor-column elementor-col-50 elementor-top-column elementor-element elementor-element-fc8f9cd\" data-id=\"fc8f9cd\" data-element_type=\"column\" data-e-type=\"column\">\n\t\t\t<div class=\"elementor-widget-wrap elementor-element-populated\">\n\t\t\t\t\t\t<div class=\"elementor-element elementor-element-28145b6 elementor-widget elementor-widget-heading\" data-id=\"28145b6\" data-element_type=\"widget\" data-e-type=\"widget\" data-widget_type=\"heading.default\">\n\t\t\t\t<div class=\"elementor-widget-container\">\n\t\t\t\t\t<h1 class=\"elementor-heading-title elementor-size-default\">Comment introduire une demande d\u2019aide et quel est le fonctionnement du CPAS&nbsp;?<\/h1>\t\t\t\t<\/div>\n\t\t\t\t<\/div>\n\t\t\t\t<div class=\"elementor-element elementor-element-9783008 elementor-grid-1 elementor-posts--thumbnail-none elementor-posts--align-left elementor-grid-tablet-1 elementor-grid-mobile-1 elementor-widget elementor-widget-posts\" data-id=\"9783008\" data-element_type=\"widget\" data-e-type=\"widget\" data-settings=\"{&quot;classic_columns&quot;:&quot;1&quot;,&quot;classic_row_gap&quot;:{&quot;unit&quot;:&quot;px&quot;,&quot;size&quot;:10,&quot;sizes&quot;:[]},&quot;pagination_type&quot;:&quot;numbers_and_prev_next&quot;,&quot;classic_columns_tablet&quot;:&quot;1&quot;,&quot;classic_columns_mobile&quot;:&quot;1&quot;,&quot;classic_row_gap_tablet&quot;:{&quot;unit&quot;:&quot;px&quot;,&quot;size&quot;:&quot;&quot;,&quot;sizes&quot;:[]},&quot;classic_row_gap_mobile&quot;:{&quot;unit&quot;:&quot;px&quot;,&quot;size&quot;:&quot;&quot;,&quot;sizes&quot;:[]}}\" data-widget_type=\"posts.classic\">\n\t\t\t\t<div class=\"elementor-widget-container\">\n\t\t\t\t\t\t\t<div class=\"elementor-posts-container elementor-posts elementor-posts--skin-classic elementor-grid\" role=\"list\">\n\t\t\t\t<article class=\"elementor-post elementor-grid-item post-820 post type-post status-publish format-standard hentry category-introduire-une-demande tag-demande\" role=\"listitem\">\n\t\t\t\t<div class=\"elementor-post__text\">\n\t\t\t\t<h3 class=\"elementor-post__title\">\n\t\t\t<a href=\"https:\/\/www.bdas-wwsb.brussels\/?p=820\" >\n\t\t\t\t1. Que sont et que font les CPAS&nbsp;?\t\t\t<\/a>\n\t\t<\/h3>\n\t\t\t\t<\/div>\n\t\t\t\t<\/article>\n\t\t\t\t<article class=\"elementor-post elementor-grid-item post-823 post type-post status-publish format-standard hentry category-introduire-une-demande tag-demande\" role=\"listitem\">\n\t\t\t\t<div class=\"elementor-post__text\">\n\t\t\t\t<h3 class=\"elementor-post__title\">\n\t\t\t<a href=\"https:\/\/www.bdas-wwsb.brussels\/?p=823\" >\n\t\t\t\t1.1. Un CPAS, c\u2019est quoi&nbsp;?\t\t\t<\/a>\n\t\t<\/h3>\n\t\t\t\t<\/div>\n\t\t\t\t<\/article>\n\t\t\t\t<article class=\"elementor-post elementor-grid-item post-1351 post type-post status-publish format-standard hentry category-introduire-une-demande tag-demande\" role=\"listitem\">\n\t\t\t\t<div class=\"elementor-post__text\">\n\t\t\t\t<h3 class=\"elementor-post__title\">\n\t\t\t<a href=\"https:\/\/www.bdas-wwsb.brussels\/?p=1351\" >\n\t\t\t\t1.2. Que font les CPAS et quelles sont leurs missions&nbsp;?\t\t\t<\/a>\n\t\t<\/h3>\n\t\t\t\t<\/div>\n\t\t\t\t<\/article>\n\t\t\t\t<article class=\"elementor-post elementor-grid-item post-1356 post type-post status-publish format-standard hentry category-introduire-une-demande tag-demande\" role=\"listitem\">\n\t\t\t\t<div class=\"elementor-post__text\">\n\t\t\t\t<h3 class=\"elementor-post__title\">\n\t\t\t<a href=\"https:\/\/www.bdas-wwsb.brussels\/?p=1356\" >\n\t\t\t\t1.3. Comment les CPAS sont-ils organis\u00e9s&nbsp;? (voir l\u2019organigramme des CPAS)\t\t\t<\/a>\n\t\t<\/h3>\n\t\t\t\t<\/div>\n\t\t\t\t<\/article>\n\t\t\t\t<article class=\"elementor-post elementor-grid-item post-1358 post type-post status-publish format-standard hentry category-introduire-une-demande tag-demande\" role=\"listitem\">\n\t\t\t\t<div class=\"elementor-post__text\">\n\t\t\t\t<h3 class=\"elementor-post__title\">\n\t\t\t<a href=\"https:\/\/www.bdas-wwsb.brussels\/?p=1358\" >\n\t\t\t\t1.4. Qui prend les d\u00e9cisions&nbsp;?\t\t\t<\/a>\n\t\t<\/h3>\n\t\t\t\t<\/div>\n\t\t\t\t<\/article>\n\t\t\t\t<article class=\"elementor-post elementor-grid-item post-7610 post type-post status-publish format-standard hentry category-introduire-une-demande tag-demande\" role=\"listitem\">\n\t\t\t\t<div class=\"elementor-post__text\">\n\t\t\t\t<h3 class=\"elementor-post__title\">\n\t\t\t<a href=\"https:\/\/www.bdas-wwsb.brussels\/?p=7610\" >\n\t\t\t\t2. Comment introduire une demande au CPAS et quelle est la proc\u00e9dure&nbsp;?\t\t\t<\/a>\n\t\t<\/h3>\n\t\t\t\t<\/div>\n\t\t\t\t<\/article>\n\t\t\t\t<article class=\"elementor-post elementor-grid-item post-7616 post type-post status-publish format-standard hentry category-introduire-une-demande tag-demande\" role=\"listitem\">\n\t\t\t\t<div class=\"elementor-post__text\">\n\t\t\t\t<h3 class=\"elementor-post__title\">\n\t\t\t<a href=\"https:\/\/www.bdas-wwsb.brussels\/?p=7616\" >\n\t\t\t\t2.1. Quel est le CPAS comp\u00e9tent territorialement pour traiter mes demandes&nbsp;?\t\t\t<\/a>\n\t\t<\/h3>\n\t\t\t\t<\/div>\n\t\t\t\t<\/article>\n\t\t\t\t<article class=\"elementor-post elementor-grid-item post-7625 post type-post status-publish format-standard hentry category-introduire-une-demande tag-demande\" role=\"listitem\">\n\t\t\t\t<div class=\"elementor-post__text\">\n\t\t\t\t<h3 class=\"elementor-post__title\">\n\t\t\t<a href=\"https:\/\/www.bdas-wwsb.brussels\/?p=7625\" >\n\t\t\t\t2.1.1. Qu\u2019est-ce que la comp\u00e9tence territoriale&nbsp;?\t\t\t<\/a>\n\t\t<\/h3>\n\t\t\t\t<\/div>\n\t\t\t\t<\/article>\n\t\t\t\t<article class=\"elementor-post elementor-grid-item post-7634 post type-post status-publish format-standard hentry category-introduire-une-demande tag-demande\" role=\"listitem\">\n\t\t\t\t<div class=\"elementor-post__text\">\n\t\t\t\t<h3 class=\"elementor-post__title\">\n\t\t\t<a href=\"https:\/\/www.bdas-wwsb.brussels\/?p=7634\" >\n\t\t\t\t2.1.2. Que faire en cas de conflits de comp\u00e9tence entre les CPAS (ou de d\u00e9m\u00e9nagement)&nbsp;?\t\t\t<\/a>\n\t\t<\/h3>\n\t\t\t\t<\/div>\n\t\t\t\t<\/article>\n\t\t\t\t<article class=\"elementor-post elementor-grid-item post-7643 post type-post status-publish format-standard hentry category-introduire-une-demande tag-demande\" role=\"listitem\">\n\t\t\t\t<div class=\"elementor-post__text\">\n\t\t\t\t<h3 class=\"elementor-post__title\">\n\t\t\t<a href=\"https:\/\/www.bdas-wwsb.brussels\/?p=7643\" >\n\t\t\t\t2.2. Comment introduire une demande d&rsquo;aide aupr\u00e8s du CPAS? Et comment celle-ci sera t&rsquo;elle trait\u00e9e?\t\t\t<\/a>\n\t\t<\/h3>\n\t\t\t\t<\/div>\n\t\t\t\t<\/article>\n\t\t\t\t<article class=\"elementor-post elementor-grid-item post-7649 post type-post status-publish format-standard hentry category-introduire-une-demande tag-demande\" role=\"listitem\">\n\t\t\t\t<div class=\"elementor-post__text\">\n\t\t\t\t<h3 class=\"elementor-post__title\">\n\t\t\t<a href=\"https:\/\/www.bdas-wwsb.brussels\/?p=7649\" >\n\t\t\t\t2.3. La remise de l\u2019accus\u00e9 de r\u00e9ception\t\t\t<\/a>\n\t\t<\/h3>\n\t\t\t\t<\/div>\n\t\t\t\t<\/article>\n\t\t\t\t<article class=\"elementor-post elementor-grid-item post-7655 post type-post status-publish format-standard hentry category-introduire-une-demande tag-demande\" role=\"listitem\">\n\t\t\t\t<div class=\"elementor-post__text\">\n\t\t\t\t<h3 class=\"elementor-post__title\">\n\t\t\t<a href=\"https:\/\/www.bdas-wwsb.brussels\/?p=7655\" >\n\t\t\t\t2.4. Le premier entretien avec l\u2019assistant(e) social(e)\t\t\t<\/a>\n\t\t<\/h3>\n\t\t\t\t<\/div>\n\t\t\t\t<\/article>\n\t\t\t\t<article class=\"elementor-post elementor-grid-item post-7686 post type-post status-publish format-standard hentry category-introduire-une-demande tag-demande\" role=\"listitem\">\n\t\t\t\t<div class=\"elementor-post__text\">\n\t\t\t\t<h3 class=\"elementor-post__title\">\n\t\t\t<a href=\"https:\/\/www.bdas-wwsb.brussels\/?p=7686\" >\n\t\t\t\t2.5. L\u2019enqu\u00eate sociale et le rapport social\t\t\t<\/a>\n\t\t<\/h3>\n\t\t\t\t<\/div>\n\t\t\t\t<\/article>\n\t\t\t\t<article class=\"elementor-post elementor-grid-item post-7695 post type-post status-publish format-standard hentry category-introduire-une-demande tag-demande\" role=\"listitem\">\n\t\t\t\t<div class=\"elementor-post__text\">\n\t\t\t\t<h3 class=\"elementor-post__title\">\n\t\t\t<a href=\"https:\/\/www.bdas-wwsb.brussels\/?p=7695\" >\n\t\t\t\t2.5.1. L\u2019enqu\u00eate sociale men\u00e9e par le CPAS et le rapport social, c\u2019est quoi exactement&nbsp;?\t\t\t<\/a>\n\t\t<\/h3>\n\t\t\t\t<\/div>\n\t\t\t\t<\/article>\n\t\t\t\t<article class=\"elementor-post elementor-grid-item post-7704 post type-post status-publish format-standard hentry category-introduire-une-demande tag-demande\" role=\"listitem\">\n\t\t\t\t<div class=\"elementor-post__text\">\n\t\t\t\t<h3 class=\"elementor-post__title\">\n\t\t\t<a href=\"https:\/\/www.bdas-wwsb.brussels\/?p=7704\" >\n\t\t\t\t2.5.2. Suis-je oblig\u00e9(e) d\u2019accepter une visite \u00e0 domicile&nbsp;?\t\t\t<\/a>\n\t\t<\/h3>\n\t\t\t\t<\/div>\n\t\t\t\t<\/article>\n\t\t\t\t<article class=\"elementor-post elementor-grid-item post-7713 post type-post status-publish format-standard hentry category-introduire-une-demande tag-demande\" role=\"listitem\">\n\t\t\t\t<div class=\"elementor-post__text\">\n\t\t\t\t<h3 class=\"elementor-post__title\">\n\t\t\t<a href=\"https:\/\/www.bdas-wwsb.brussels\/?p=7713\" >\n\t\t\t\t2.5.3. Suis-je oblig\u00e9(e) de pr\u00e9senter mes extraits de compte bancaire&nbsp;?\t\t\t<\/a>\n\t\t<\/h3>\n\t\t\t\t<\/div>\n\t\t\t\t<\/article>\n\t\t\t\t<article class=\"elementor-post elementor-grid-item post-7722 post type-post status-publish format-standard hentry category-introduire-une-demande tag-demande\" role=\"listitem\">\n\t\t\t\t<div class=\"elementor-post__text\">\n\t\t\t\t<h3 class=\"elementor-post__title\">\n\t\t\t<a href=\"https:\/\/www.bdas-wwsb.brussels\/?p=7722\" >\n\t\t\t\t2.6. La d\u00e9cision du CPAS et les recours\t\t\t<\/a>\n\t\t<\/h3>\n\t\t\t\t<\/div>\n\t\t\t\t<\/article>\n\t\t\t\t<article class=\"elementor-post elementor-grid-item post-7734 post type-post status-publish format-standard hentry category-introduire-une-demande tag-demande\" role=\"listitem\">\n\t\t\t\t<div class=\"elementor-post__text\">\n\t\t\t\t<h3 class=\"elementor-post__title\">\n\t\t\t<a href=\"https:\/\/www.bdas-wwsb.brussels\/?p=7734\" >\n\t\t\t\t3. Que faire en cas de non-respect des d\u00e9lais ou de besoin d\u2019aide(s) en urgence&nbsp;?\t\t\t<\/a>\n\t\t<\/h3>\n\t\t\t\t<\/div>\n\t\t\t\t<\/article>\n\t\t\t\t<article class=\"elementor-post elementor-grid-item post-7743 post type-post status-publish format-standard hentry category-introduire-une-demande tag-demande\" role=\"listitem\">\n\t\t\t\t<div class=\"elementor-post__text\">\n\t\t\t\t<h3 class=\"elementor-post__title\">\n\t\t\t<a href=\"https:\/\/www.bdas-wwsb.brussels\/?p=7743\" >\n\t\t\t\t4. Contacter le CPAS&nbsp;: Qui&nbsp;? Comment&nbsp;? Pourquoi&nbsp;?\t\t\t<\/a>\n\t\t<\/h3>\n\t\t\t\t<\/div>\n\t\t\t\t<\/article>\n\t\t\t\t<article class=\"elementor-post elementor-grid-item post-7749 post type-post status-publish format-standard hentry category-introduire-une-demande tag-demande\" role=\"listitem\">\n\t\t\t\t<div class=\"elementor-post__text\">\n\t\t\t\t<h3 class=\"elementor-post__title\">\n\t\t\t<a href=\"https:\/\/www.bdas-wwsb.brussels\/?p=7749\" >\n\t\t\t\t5. Puis-je introduire une contestation, une demande d\u2019audition et\/ou une nouvelle demande suite \u00e0 une d\u00e9cision de refus ou de retrait&nbsp;?\t\t\t<\/a>\n\t\t<\/h3>\n\t\t\t\t<\/div>\n\t\t\t\t<\/article>\n\t\t\t\t<article class=\"elementor-post elementor-grid-item post-7761 post type-post status-publish format-standard hentry category-introduire-une-demande tag-demande\" role=\"listitem\">\n\t\t\t\t<div class=\"elementor-post__text\">\n\t\t\t\t<h3 class=\"elementor-post__title\">\n\t\t\t<a href=\"https:\/\/www.bdas-wwsb.brussels\/?p=7761\" >\n\t\t\t\t6. Que dois-je faire si ma situation personnelle change&nbsp;?\t\t\t<\/a>\n\t\t<\/h3>\n\t\t\t\t<\/div>\n\t\t\t\t<\/article>\n\t\t\t\t<\/div>\n\t\t\n\t\t\t\t\t\t<\/div>\n\t\t\t\t<\/div>\n\t\t\t\t\t<\/div>\n\t\t<\/div>\n\t\t\t\t<div class=\"elementor-column elementor-col-50 elementor-top-column elementor-element elementor-element-337a371\" data-id=\"337a371\" data-element_type=\"column\" data-e-type=\"column\">\n\t\t\t<div class=\"elementor-widget-wrap elementor-element-populated\">\n\t\t\t\t\t\t<section class=\"elementor-section elementor-inner-section elementor-element elementor-element-129b043 noprint elementor-section-boxed elementor-section-height-default elementor-section-height-default\" data-id=\"129b043\" data-element_type=\"section\" data-e-type=\"section\" data-settings=\"{&quot;background_background&quot;:&quot;classic&quot;,&quot;sticky&quot;:&quot;top&quot;,&quot;sticky_on&quot;:[&quot;desktop&quot;,&quot;tablet&quot;],&quot;sticky_offset&quot;:0,&quot;sticky_effects_offset&quot;:0,&quot;sticky_anchor_link_offset&quot;:0}\">\n\t\t\t\t\t\t<div class=\"elementor-container elementor-column-gap-default\">\n\t\t\t\t\t<div class=\"elementor-column elementor-col-100 elementor-inner-column elementor-element elementor-element-bb5b3a4\" data-id=\"bb5b3a4\" data-element_type=\"column\" data-e-type=\"column\">\n\t\t\t<div class=\"elementor-widget-wrap elementor-element-populated\">\n\t\t\t\t\t\t<div class=\"elementor-element elementor-element-34ca8f1 elementor-widget elementor-widget-spacer\" data-id=\"34ca8f1\" data-element_type=\"widget\" data-e-type=\"widget\" data-widget_type=\"spacer.default\">\n\t\t\t\t<div class=\"elementor-widget-container\">\n\t\t\t\t\t\t\t<div class=\"elementor-spacer\">\n\t\t\t<div class=\"elementor-spacer-inner\"><\/div>\n\t\t<\/div>\n\t\t\t\t\t\t<\/div>\n\t\t\t\t<\/div>\n\t\t\t\t<div class=\"elementor-element elementor-element-61f9354 elementor-widget elementor-widget-image\" data-id=\"61f9354\" data-element_type=\"widget\" data-e-type=\"widget\" data-widget_type=\"image.default\">\n\t\t\t\t<div class=\"elementor-widget-container\">\n\t\t\t\t\t\t\t\t\t\t\t\t\t\t\t\t<a href=\"?page_id=1969\">\n\t\t\t\t\t\t\t<img fetchpriority=\"high\" decoding=\"async\" width=\"512\" height=\"512\" src=\"https:\/\/www.bdas-wwsb.brussels\/wp-content\/uploads\/2024\/03\/bdas-demande-fr-512.png\" class=\"elementor-animation-grow attachment-full size-full wp-image-2331\" alt=\"Introduire une demande\" srcset=\"https:\/\/www.bdas-wwsb.brussels\/wp-content\/uploads\/2024\/03\/bdas-demande-fr-512.png 512w, https:\/\/www.bdas-wwsb.brussels\/wp-content\/uploads\/2024\/03\/bdas-demande-fr-512-300x300.png 300w, https:\/\/www.bdas-wwsb.brussels\/wp-content\/uploads\/2024\/03\/bdas-demande-fr-512-150x150.png 150w\" sizes=\"(max-width: 512px) 100vw, 512px\" loading=\"eager\" \/>\t\t\t\t\t\t\t\t<\/a>\n\t\t\t\t\t\t\t\t\t\t\t\t\t\t\t<\/div>\n\t\t\t\t<\/div>\n\t\t\t\t<div class=\"elementor-element elementor-element-74918b7 elementor-widget elementor-widget-heading\" data-id=\"74918b7\" data-element_type=\"widget\" data-e-type=\"widget\" data-widget_type=\"heading.default\">\n\t\t\t\t<div class=\"elementor-widget-container\">\n\t\t\t\t\t<div class=\"elementor-heading-title elementor-size-default\">21+<\/div>\t\t\t\t<\/div>\n\t\t\t\t<\/div>\n\t\t\t\t<div class=\"elementor-element elementor-element-5039bb3 elementor-widget elementor-widget-heading\" data-id=\"5039bb3\" data-element_type=\"widget\" data-e-type=\"widget\" data-widget_type=\"heading.default\">\n\t\t\t\t<div class=\"elementor-widget-container\">\n\t\t\t\t\t<div class=\"elementor-heading-title elementor-size-default\">Articles<\/div>\t\t\t\t<\/div>\n\t\t\t\t<\/div>\n\t\t\t\t\t<\/div>\n\t\t<\/div>\n\t\t\t\t\t<\/div>\n\t\t<\/section>\n\t\t\t\t\t<\/div>\n\t\t<\/div>\n\t\t\t\t\t<\/div>\n\t\t<\/section>\n\t\t\t\t<\/div>","protected":false},"excerpt":{"rendered":"<p>Comment introduire une demande d\u2019aide et quel est le fonctionnement du CPAS&nbsp;? + Articles<\/p>","protected":false},"author":1,"featured_media":0,"parent":0,"menu_order":0,"comment_status":"closed","ping_status":"closed","template":"elementor_header_footer","meta":{"footnotes":""},"class_list":["post-1969","page","type-page","status-publish","hentry"],"_links":{"self":[{"href":"https:\/\/www.bdas-wwsb.brussels\/index.php?rest_route=\/wp\/v2\/pages\/1969","targetHints":{"allow":["GET"]}}],"collection":[{"href":"https:\/\/www.bdas-wwsb.brussels\/index.php?rest_route=\/wp\/v2\/pages"}],"about":[{"href":"https:\/\/www.bdas-wwsb.brussels\/index.php?rest_route=\/wp\/v2\/types\/page"}],"author":[{"embeddable":true,"href":"https:\/\/www.bdas-wwsb.brussels\/index.php?rest_route=\/wp\/v2\/users\/1"}],"replies":[{"embeddable":true,"href":"https:\/\/www.bdas-wwsb.brussels\/index.php?rest_route=%2Fwp%2Fv2%2Fcomments&post=1969"}],"version-history":[{"count":0,"href":"https:\/\/www.bdas-wwsb.brussels\/index.php?rest_route=\/wp\/v2\/pages\/1969\/revisions"}],"wp:attachment":[{"href":"https:\/\/www.bdas-wwsb.brussels\/index.php?rest_route=%2Fwp%2Fv2%2Fmedia&parent=1969"}],"curies":[{"name":"wp","href":"https:\/\/api.w.org\/{rel}","templated":true}]}}